{"id":2451,"date":"2024-09-17T00:02:47","date_gmt":"2024-09-16T22:02:47","guid":{"rendered":"https:\/\/nanopolier.com\/?page_id=2451"},"modified":"2025-05-26T05:53:01","modified_gmt":"2025-05-26T03:53:01","slug":"shipping-policy","status":"publish","type":"page","link":"https:\/\/nanopolier.com\/cz\/shipping-policy\/","title":{"rendered":"Z\u00e1sady dod\u00e1n\u00ed zbo\u017e\u00ed"},"content":{"rendered":"","protected":false},"excerpt":{"rendered":"","protected":false},"author":1,"featured_media":0,"parent":0,"menu_order":0,"comment_status":"closed","ping_status":"closed","template":"","meta":{"footnotes":""},"class_list":["post-2451","page","type-page","status-publish","hentry"],"_links":{"self":[{"href":"https:\/\/nanopolier.com\/cz\/wp-json\/wp\/v2\/pages\/2451","targetHints":{"allow":["GET"]}}],"collection":[{"href":"https:\/\/nanopolier.com\/cz\/wp-json\/wp\/v2\/pages"}],"about":[{"href":"https:\/\/nanopolier.com\/cz\/wp-json\/wp\/v2\/types\/page"}],"author":[{"embeddable":true,"href":"https:\/\/nanopolier.com\/cz\/wp-json\/wp\/v2\/users\/1"}],"replies":[{"embeddable":true,"href":"https:\/\/nanopolier.com\/cz\/wp-json\/wp\/v2\/comments?post=2451"}],"version-history":[{"count":1,"href":"https:\/\/nanopolier.com\/cz\/wp-json\/wp\/v2\/pages\/2451\/revisions"}],"predecessor-version":[{"id":2452,"href":"https:\/\/nanopolier.com\/cz\/wp-json\/wp\/v2\/pages\/2451\/revisions\/2452"}],"wp:attachment":[{"href":"https:\/\/nanopolier.com\/cz\/wp-json\/wp\/v2\/media?parent=2451"}],"curies":[{"name":"wp","href":"https:\/\/api.w.org\/{rel}","templated":true}]}}